
{"id":10107,"date":"2023-05-14T09:19:15","date_gmt":"2023-05-14T07:19:15","guid":{"rendered":"http:\/\/127.0.0.1\/istin\/?page_id=10107"},"modified":"2023-07-21T00:24:51","modified_gmt":"2023-07-20T22:24:51","slug":"licence-professionnelle-3-en-cours-du-soir","status":"publish","type":"page","link":"https:\/\/istingabon.org\/?page_id=10107","title":{"rendered":"LICENCE PROFESSIONNELLE 3 EN COURS DU SOIR"},"content":{"rendered":"\n<p><strong>Objectifs g\u00e9n\u00e9raux<\/strong><\/p>\n\n\n\n<p>L\u2019objectif de la Licence Professionnelle 3 en Administration et S\u00e9curit\u00e9 des R\u00e9seaux (ASR) et D\u00e9veloppement des Applications R\u00e9parties (DAR), est de former des professionnels capables de prendre en charge l\u2019administration, la s\u00e9curit\u00e9 d\u2019un r\u00e9seau informatique d\u2019entreprise, ainsi que le d\u00e9veloppement des solutions SI.<\/p>\n\n\n\n<p><strong>Admission<\/strong><\/p>\n\n\n\n<p>La Licence professionnelle 3 en cours du soir est ouverte aux candidats titulaires :<\/p>\n\n\n\n<ul class=\"wp-block-list\">\n<li>D\u2019un DTS, BTS, DUT ou tout autre dipl\u00f4me admis en \u00e9quivalence en Informatique, T\u00e9l\u00e9communications, \u00e9lectronique, math\u00e9matiques\u2026<\/li>\n<\/ul>\n\n\n\n<p>La s\u00e9lection des candidats par un jury s\u2019op\u00e8re de la mani\u00e8re suivante :<\/p>\n\n\n\n<p><strong>Sur \u00e9tude de dossier<\/strong> : titres, dipl\u00f4mes, contenu des programmes de la formation initiale et, le cas \u00e9ch\u00e9ant, la nature de l\u2019exp\u00e9rience professionnelle.<\/p>\n\n\n\n<p><strong>Sur entretien<\/strong> : Les candidats retenus passent un entretien au cours duquel la formation ant\u00e9rieure et les motivations sont examin\u00e9es.<\/p>\n\n\n\n<p><strong>Dipl\u00f4me &amp; sp\u00e9cialit\u00e9s<\/strong><\/p>\n\n\n\n<p>A l\u2019issue de la formation, les \u00e9tudiants sont titulaires d\u2019un dipl\u00f4me de <strong>Licence professionnelle 3 en Infrastructure Num\u00e9rique &nbsp;Sp\u00e9cialit\u00e9 Administration et S\u00e9curit\u00e9 des R\u00e9seaux (ASR)<\/strong><\/p>\n\n\n\n<p><strong>D\u00e9bouch\u00e9s<\/strong><\/p>\n\n\n\n<p>Ce dipl\u00f4me leur permet d\u2019exercer entre autres les fonctions suivantes :<\/p>\n\n\n\n<ul class=\"wp-block-list\">\n<li>Administrateur syst\u00e8me et r\u00e9seaux,<\/li>\n\n\n\n<li>Responsable de l\u2019administration et de la s\u00e9curit\u00e9 des r\u00e9seaux,<\/li>\n\n\n\n<li>Assistant responsable s\u00e9curit\u00e9 du syst\u00e8me d\u2019information<\/li>\n\n\n\n<li>Assistant chef de projet informatique<\/li>\n\n\n\n<li>Responsable de l\u2019administration de r\u00e9seaux informatiques<\/li>\n<\/ul>\n\n\n<div class=\"wp-block-image\">\n<figure class=\"aligncenter size-full\"><img fetchpriority=\"high\" decoding=\"async\" width=\"773\" height=\"280\" src=\"https:\/\/istingabon.org\/wp-content\/uploads\/2023\/07\/1-1.png\" alt=\"\" class=\"wp-image-10250\" srcset=\"https:\/\/istingabon.org\/wp-content\/uploads\/2023\/07\/1-1.png 773w, https:\/\/istingabon.org\/wp-content\/uploads\/2023\/07\/1-1-300x109.png 300w, https:\/\/istingabon.org\/wp-content\/uploads\/2023\/07\/1-1-768x278.png 768w\" sizes=\"(max-width: 773px) 100vw, 773px\" \/><\/figure>\n<\/div>\n\n<div class=\"wp-block-image\">\n<figure class=\"aligncenter size-full\"><img decoding=\"async\" width=\"762\" height=\"522\" src=\"https:\/\/istingabon.org\/wp-content\/uploads\/2023\/07\/2-1.png\" alt=\"\" class=\"wp-image-10252\" srcset=\"https:\/\/istingabon.org\/wp-content\/uploads\/2023\/07\/2-1.png 762w, https:\/\/istingabon.org\/wp-content\/uploads\/2023\/07\/2-1-300x206.png 300w\" sizes=\"(max-width: 762px) 100vw, 762px\" \/><\/figure>\n<\/div>\n\n<div class=\"wp-block-image\">\n<figure class=\"aligncenter size-full\"><img decoding=\"async\" width=\"771\" height=\"387\" src=\"https:\/\/istingabon.org\/wp-content\/uploads\/2023\/07\/3-1.png\" alt=\"\" class=\"wp-image-10253\" srcset=\"https:\/\/istingabon.org\/wp-content\/uploads\/2023\/07\/3-1.png 771w, https:\/\/istingabon.org\/wp-content\/uploads\/2023\/07\/3-1-300x151.png 300w, https:\/\/istingabon.org\/wp-content\/uploads\/2023\/07\/3-1-768x385.png 768w\" sizes=\"(max-width: 771px) 100vw, 771px\" \/><\/figure>\n<\/div>","protected":false},"excerpt":{"rendered":"<p>Objectifs g\u00e9n\u00e9raux L\u2019objectif de la Licence Professionnelle 3 en Administration et S\u00e9curit\u00e9 des R\u00e9seaux (ASR) et D\u00e9veloppement des Applications R\u00e9parties [&hellip;]<\/p>\n","protected":false},"author":1,"featured_media":0,"parent":0,"menu_order":0,"comment_status":"closed","ping_status":"closed","template":"","meta":{"footnotes":""},"class_list":["post-10107","page","type-page","status-publish","hentry"],"_links":{"self":[{"href":"https:\/\/istingabon.org\/index.php?rest_route=\/wp\/v2\/pages\/10107","targetHints":{"allow":["GET"]}}],"collection":[{"href":"https:\/\/istingabon.org\/index.php?rest_route=\/wp\/v2\/pages"}],"about":[{"href":"https:\/\/istingabon.org\/index.php?rest_route=\/wp\/v2\/types\/page"}],"author":[{"embeddable":true,"href":"https:\/\/istingabon.org\/index.php?rest_route=\/wp\/v2\/users\/1"}],"replies":[{"embeddable":true,"href":"https:\/\/istingabon.org\/index.php?rest_route=%2Fwp%2Fv2%2Fcomments&post=10107"}],"version-history":[{"count":2,"href":"https:\/\/istingabon.org\/index.php?rest_route=\/wp\/v2\/pages\/10107\/revisions"}],"predecessor-version":[{"id":10254,"href":"https:\/\/istingabon.org\/index.php?rest_route=\/wp\/v2\/pages\/10107\/revisions\/10254"}],"wp:attachment":[{"href":"https:\/\/istingabon.org\/index.php?rest_route=%2Fwp%2Fv2%2Fmedia&parent=10107"}],"curies":[{"name":"wp","href":"https:\/\/api.w.org\/{rel}","templated":true}]}}