
{"id":10121,"date":"2023-05-14T09:48:43","date_gmt":"2023-05-14T07:48:43","guid":{"rendered":"http:\/\/127.0.0.1\/istin\/?page_id=10121"},"modified":"2023-05-14T09:49:49","modified_gmt":"2023-05-14T07:49:49","slug":"microsoft-office-toute-la-suite","status":"publish","type":"page","link":"https:\/\/istingabon.org\/?page_id=10121","title":{"rendered":"MICROSOFT OFFICE (toute la suite)"},"content":{"rendered":"\n<p><strong>Description de la formation<\/strong><\/p>\n\n\n\n<ul class=\"wp-block-list\">\n<li>Microsoft Office 365<\/li>\n\n\n\n<li>Microsoft Excel (d\u00e9butant, interm\u00e9diaire, avanc\u00e9, expert)<\/li>\n\n\n\n<li>Microsoft Word<\/li>\n\n\n\n<li>Microsoft Powerpoint<\/li>\n\n\n\n<li>Microsoft Access<\/li>\n<\/ul>\n","protected":false},"excerpt":{"rendered":"<p>Description de la formation<\/p>\n","protected":false},"author":1,"featured_media":0,"parent":0,"menu_order":0,"comment_status":"closed","ping_status":"closed","template":"","meta":{"footnotes":""},"class_list":["post-10121","page","type-page","status-publish","hentry"],"_links":{"self":[{"href":"https:\/\/istingabon.org\/index.php?rest_route=\/wp\/v2\/pages\/10121","targetHints":{"allow":["GET"]}}],"collection":[{"href":"https:\/\/istingabon.org\/index.php?rest_route=\/wp\/v2\/pages"}],"about":[{"href":"https:\/\/istingabon.org\/index.php?rest_route=\/wp\/v2\/types\/page"}],"author":[{"embeddable":true,"href":"https:\/\/istingabon.org\/index.php?rest_route=\/wp\/v2\/users\/1"}],"replies":[{"embeddable":true,"href":"https:\/\/istingabon.org\/index.php?rest_route=%2Fwp%2Fv2%2Fcomments&post=10121"}],"version-history":[{"count":1,"href":"https:\/\/istingabon.org\/index.php?rest_route=\/wp\/v2\/pages\/10121\/revisions"}],"predecessor-version":[{"id":10122,"href":"https:\/\/istingabon.org\/index.php?rest_route=\/wp\/v2\/pages\/10121\/revisions\/10122"}],"wp:attachment":[{"href":"https:\/\/istingabon.org\/index.php?rest_route=%2Fwp%2Fv2%2Fmedia&parent=10121"}],"curies":[{"name":"wp","href":"https:\/\/api.w.org\/{rel}","templated":true}]}}