
{"id":29,"date":"2022-07-04T10:32:55","date_gmt":"2022-07-04T10:32:55","guid":{"rendered":"https:\/\/demo.themexpert.com\/wordpress\/edumodo-update\/lp-v1\/?page_id=29"},"modified":"2025-12-10T19:29:18","modified_gmt":"2025-12-10T18:29:18","slug":"home","status":"publish","type":"page","link":"https:\/\/istingabon.org\/","title":{"rendered":"Accueil"},"content":{"rendered":"<p><!-- Indicators --><\/p>\n<ol>\n<li data-target=\"#edumodo-slider\" data-slide-to=\"0\"><\/li>\n<li data-target=\"#edumodo-slider\" data-slide-to=\"1\"><\/li>\n<\/ol>\n<p>                        <!-- Wrapper for slides --><\/p>\n<h2 style=\"animation-delay: 0.8s;\">\n                                                Former des Techniciens sup\u00e9rieurs <br \/>Licence  &#038; Master professionnelles.<br \/>\n                                            <\/h2>\n<p>                                                <a style=\"animation-delay: 1.3s;\" href=\"https:\/\/istingabon.org\/?page_id=10322\"> Nous contacter                                                <\/a><br \/>\n                    <!-- \/.item --><\/p>\n<h2 style=\"animation-delay: 0.8s;\">\n                                                ISTIN L&#8217;\u00e9cole des Leaders!<br \/>\n                                            <\/h2>\n<p>                                              Technologies Microsoft-CISCO-Oracle<br \/>\n                                                <a style=\"animation-delay: 1.3s;\" href=\"https:\/\/istingabon.org\/?page_id=10322\"> Nous contacter                                                <\/a><br \/>\n                    <!-- \/.item --><br \/>\n                             <!-- \/.inner --><br \/>\n                            <a href=\"#edumodo-slider\" data-slide=\"prev\"><br \/>\n                <\/a><br \/>\n                <a href=\"#edumodo-slider\" data-slide=\"next\"><br \/>\n                <\/a><br \/>\n                    <!-- \/.id --><br \/>\n     <!-- \/#hero-unit --><\/p>\n<style>\/*! elementor - v3.18.0 - 08-12-2023 *\/\n.elementor-widget-image{text-align:center}.elementor-widget-image a{display:inline-block}.elementor-widget-image a img[src$=\".svg\"]{width:48px}.elementor-widget-image img{vertical-align:middle;display:inline-block}<\/style>\n<p>\t\t\t\t\t\t\t\t\t\t\t\t<img fetchpriority=\"high\" decoding=\"async\" width=\"1487\" height=\"922\" src=\"https:\/\/istingabon.org\/wp-content\/uploads\/2023\/12\/presentation.png\" alt=\"\" srcset=\"https:\/\/istingabon.org\/wp-content\/uploads\/2023\/12\/presentation.png 1487w, https:\/\/istingabon.org\/wp-content\/uploads\/2023\/12\/presentation-300x186.png 300w, https:\/\/istingabon.org\/wp-content\/uploads\/2023\/12\/presentation-1024x635.png 1024w, https:\/\/istingabon.org\/wp-content\/uploads\/2023\/12\/presentation-768x476.png 768w\" sizes=\"(max-width: 1487px) 100vw, 1487px\" \/>\t\t\t\t\t\t\t\t\t\t\t\t\t\t\t<\/p>\n<style>\/*! elementor - v3.18.0 - 08-12-2023 *\/\n.elementor-heading-title{padding:0;margin:0;line-height:1}.elementor-widget-heading .elementor-heading-title[class*=elementor-size-]>a{color:inherit;font-size:inherit;line-height:inherit}.elementor-widget-heading .elementor-heading-title.elementor-size-small{font-size:15px}.elementor-widget-heading .elementor-heading-title.elementor-size-medium{font-size:19px}.elementor-widget-heading .elementor-heading-title.elementor-size-large{font-size:29px}.elementor-widget-heading .elementor-heading-title.elementor-size-xl{font-size:39px}.elementor-widget-heading .elementor-heading-title.elementor-size-xxl{font-size:59px}<\/style>\n<h4>A propos d&#8217;ISTIN<\/h4>\n<h2>Apprendre \u00e0 mieux nous connaitre<\/h2>\n<p>\t\tL&#8217;Institut Sup\u00e9rieure des Technologies de l&#8217;Information et du Num\u00e9rique est un \u00e9tablissement Priv\u00e9 d&#8217;Enseignement Sup\u00e9rieure qui a pour vocation de former des Techniciens Sup\u00e9rieures Licences professionnelles et Master Professionnels, dans les domaines techniques et manag\u00e9riaux de la t\u00e9l\u00e9informatique(Syst\u00e9me, S\u00e9curit\u00e9,R\u00e9seaux informatiques et t\u00e9l\u00e9communications)<br \/>\n\t\t\t<a href=\"https:\/\/istingabon.org\/?page_id=10095\"><br \/>\n\t\t\t\t\t\tLire la suite&#8230;<br \/>\n\t\t\t\t\t<\/a><\/p>\n<h4>Programmes<\/h4>\n<h2>OFFRES DE FORMATION<\/h2>\n<style>\/*! elementor - v3.18.0 - 08-12-2023 *\/\n.elementor-widget-image-box .elementor-image-box-content{width:100%}@media (min-width:768px){.elementor-widget-image-box.elementor-position-left .elementor-image-box-wrapper,.elementor-widget-image-box.elementor-position-right .elementor-image-box-wrapper{display:flex}.elementor-widget-image-box.elementor-position-right .elementor-image-box-wrapper{text-align:right;flex-direction:row-reverse}.elementor-widget-image-box.elementor-position-left .elementor-image-box-wrapper{text-align:left;flex-direction:row}.elementor-widget-image-box.elementor-position-top .elementor-image-box-img{margin:auto}.elementor-widget-image-box.elementor-vertical-align-top .elementor-image-box-wrapper{align-items:flex-start}.elementor-widget-image-box.elementor-vertical-align-middle .elementor-image-box-wrapper{align-items:center}.elementor-widget-image-box.elementor-vertical-align-bottom .elementor-image-box-wrapper{align-items:flex-end}}@media (max-width:767px){.elementor-widget-image-box .elementor-image-box-img{margin-left:auto!important;margin-right:auto!important;margin-bottom:15px}}.elementor-widget-image-box .elementor-image-box-img{display:inline-block}.elementor-widget-image-box .elementor-image-box-title a{color:inherit}.elementor-widget-image-box .elementor-image-box-wrapper{text-align:center}.elementor-widget-image-box .elementor-image-box-description{margin:0}<\/style>\n<figure><a href=\"https:\/\/istingabon.org\/?page_id=10105\" tabindex=\"-1\"><img decoding=\"async\" width=\"1920\" height=\"1080\" src=\"https:\/\/istingabon.org\/wp-content\/uploads\/2023\/12\/LPIN.png\" alt=\"\" \/><\/a><\/figure>\n<h4><a href=\"https:\/\/istingabon.org\/?page_id=10105\">LICENCE PROFESSIONNELLE EN INFRASTRUCTURE NUMERIQUE <\/a><\/h4>\n<p>La formation se d\u00e9roule sur trois (3) ans (6 semestres). La licence 1 et la licence 2 constituent un tronc commun, o\u00f9 les \u00e9tudiants re\u00e7oivent les connaissances g\u00e9n\u00e9rales sur les r\u00e9seaux de T\u00e9l\u00e9communications et de l\u2019Informatique. <\/p>\n<p>\t\t\t<a href=\"https:\/\/istingabon.org\/?page_id=10105\"><br \/>\n\t\t\t\t\t\tLire la suite&#8230;<br \/>\n\t\t\t\t\t<\/a><\/p>\n<figure><a href=\"https:\/\/istingabon.org\/?page_id=10107\" tabindex=\"-1\"><img decoding=\"async\" width=\"1920\" height=\"1080\" src=\"https:\/\/istingabon.org\/wp-content\/uploads\/2023\/12\/MPIN.png\" alt=\"\" \/><\/a><\/figure>\n<h3><a href=\"https:\/\/istingabon.org\/?page_id=10107\">MASTER PROFESSIONNEL EN INFRASTRUCTURE NUMERIQUE<\/a><\/h3>\n<p>L\u2019objectif de la Licence Professionnelle 3 en Administration et S\u00e9curit\u00e9 des R\u00e9seaux (ASR) et D\u00e9veloppement des Applications R\u00e9parties (DAR), est de former des professionnels capables de prendre en charge l\u2019administration, la s\u00e9curit\u00e9 d\u2019un r\u00e9seau informatique d\u2019entreprise, ainsi que le d\u00e9veloppement des solutions SI. <\/p>\n<p>\t\t\t<a href=\"https:\/\/istingabon.org\/?page_id=10107\"><br \/>\n\t\t\t\t\t\tLire la suite&#8230;<br \/>\n\t\t\t\t\t<\/a><\/p>\n<style>\/*! elementor - v3.18.0 - 08-12-2023 *\/\n.elementor-counter .elementor-counter-number-wrapper{display:flex;font-size:69px;font-weight:600;line-height:1}.elementor-counter .elementor-counter-number-prefix,.elementor-counter .elementor-counter-number-suffix{flex-grow:1;white-space:pre-wrap}.elementor-counter .elementor-counter-number-prefix{text-align:right}.elementor-counter .elementor-counter-number-suffix{text-align:left}.elementor-counter .elementor-counter-title{text-align:center;font-size:19px;font-weight:400;line-height:2.5}<\/style>\n<p>\t\t\t\t0<br \/>\n\t\t\t\t\t\t\tIng\u00e9nieurs qualifi\u00e9s<br \/>\n\t\t\t\t0<br \/>\n\t\t\t\t\t\t\tLabo de formations<br \/>\n\t\t\t\t0<br \/>\n\t\t\t\t\t\t\tSalles de classes<\/p>\n<h4>Passez des certifications \u00e0 ISTIN<\/h4>\n<h2>PROGRAMME CYCLE CERTIFIANT<\/h2>\n<p>Renforcement de comp\u00e9tence et des capacit\u00e9s des professionnels du secteur public et des travailleurs du priv\u00e9 dans les domaines de pointe du num\u00e9rique. <\/p>\n<p>\t\t\t\t\t\t\t\t\t\t\t\t\t\t\t<img loading=\"lazy\" decoding=\"async\" width=\"1500\" height=\"841\" src=\"https:\/\/istingabon.org\/wp-content\/uploads\/2023\/12\/19306.jpg\" alt=\"\" srcset=\"https:\/\/istingabon.org\/wp-content\/uploads\/2023\/12\/19306.jpg 1500w, https:\/\/istingabon.org\/wp-content\/uploads\/2023\/12\/19306-300x168.jpg 300w, https:\/\/istingabon.org\/wp-content\/uploads\/2023\/12\/19306-1024x574.jpg 1024w, https:\/\/istingabon.org\/wp-content\/uploads\/2023\/12\/19306-768x431.jpg 768w\" sizes=\"(max-width: 1500px) 100vw, 1500px\" \/>\t\t\t\t\t\t\t\t\t\t\t\t\t\t\t<\/p>\n<h4>Entre\u00e9e acad\u00e9mique 2023-2024<\/h4>\n<h2>LES INSCRIPTIONS ONT COMMENCE A ISTIN<\/h2>\n<h2>Salles climatis\u00e9es de 20 \u00e9tudiants.<br \/>\nLaboratoires des technologies Microsoft.<br \/>\nLaboratoires des Technologies Cisco.<\/h2>\n<p>\t\t\t<a href=\"https:\/\/istingabon.org\/?page_id=10341\"><br \/>\n\t\t\t\t\t\tFormulaire de pr\u00e9-inscription<br \/>\n\t\t\t\t\t<\/a><\/p>\n<h4>ACTUAlit\u00e9s<\/h4>\n<h2>NOS Derni\u00e8res actualit\u00e9s<\/h2>\n<article id=\"post-9896\">\n<figure>\n                            <a href=\"https:\/\/istingabon.org\/?p=9896\"><br \/>\n                                <img loading=\"lazy\" width=\"700\" height=\"394\" src=\"https:\/\/istingabon.org\/wp-content\/uploads\/2022\/09\/devenir-dba.jpg\" alt=\"\" decoding=\"async\" srcset=\"https:\/\/istingabon.org\/wp-content\/uploads\/2022\/09\/devenir-dba.jpg 700w, https:\/\/istingabon.org\/wp-content\/uploads\/2022\/09\/devenir-dba-300x169.jpg 300w\" sizes=\"(max-width: 700px) 100vw, 700px\" \/>                            <\/a><br \/>\n                        <\/figure>\n<header>\n                                             <a href=\"\">DigitalEx<\/a><br \/>\n                                            <a href=\"https:\/\/istingabon.org\/?m=20220920\"><br \/>\n                                                Sep 20, 2022                                            <\/a>   <\/p>\n<h4>\n                                    <a href=\"https:\/\/istingabon.org\/?p=9896\"><br \/>\n                                       Comment devenir administrateur de bases de donn\u00e9es<br \/>\n                                    <\/a><br \/>\n                                <\/h4>\n<\/header>\n<p><!-- .entry-header --><\/p>\n<p>Les administrateurs de bases de donn\u00e9es, ou DBA, sont responsables des performances, de l\u2019int\u00e9grit\u00e9 et<\/p>\n<p>                            <!-- .entry-content --><\/p>\n<footer>\n                                        <a href=\"https:\/\/istingabon.org\/?p=9896\">Lire Plus<\/a><br \/>\n                                <\/footer>\n<p>                        <!-- .blog details --><br \/>\n                    <\/article>\n<p><!-- #post-## --><br \/>\n                 <!-- \/.col-md-4 --><\/p>\n<article id=\"post-9285\">\n<figure>\n                            <a href=\"https:\/\/istingabon.org\/?p=9285\"><br \/>\n                                <img loading=\"lazy\" width=\"1500\" height=\"1108\" src=\"https:\/\/istingabon.org\/wp-content\/uploads\/2022\/07\/expert-cybersecurite.jpg\" alt=\"\" decoding=\"async\" srcset=\"https:\/\/istingabon.org\/wp-content\/uploads\/2022\/07\/expert-cybersecurite.jpg 1500w, https:\/\/istingabon.org\/wp-content\/uploads\/2022\/07\/expert-cybersecurite-300x222.jpg 300w, https:\/\/istingabon.org\/wp-content\/uploads\/2022\/07\/expert-cybersecurite-1024x756.jpg 1024w, https:\/\/istingabon.org\/wp-content\/uploads\/2022\/07\/expert-cybersecurite-768x567.jpg 768w\" sizes=\"(max-width: 1500px) 100vw, 1500px\" \/>                            <\/a><br \/>\n                        <\/figure>\n<header>\n                                             <a href=\"\">DigitalEx<\/a><br \/>\n                                            <a href=\"https:\/\/istingabon.org\/?m=20220706\"><br \/>\n                                                Juil 6, 2022                                            <\/a>   <\/p>\n<h4>\n                                    <a href=\"https:\/\/istingabon.org\/?p=9285\"><br \/>\n                                       Comment devenir expert en cybers\u00e9curit\u00e9 \u00e0 ISTIN?<br \/>\n                                    <\/a><br \/>\n                                <\/h4>\n<\/header>\n<p><!-- .entry-header --><\/p>\n<p>Si\u00a0l\u2019av\u00e8nement du big data a r\u00e9volutionn\u00e9 le monde de l\u2019informatique et celui du web, il<\/p>\n<p>                            <!-- .entry-content --><\/p>\n<footer>\n                                        <a href=\"https:\/\/istingabon.org\/?p=9285\">Lire Plus<\/a><br \/>\n                                <\/footer>\n<p>                        <!-- .blog details --><br \/>\n                    <\/article>\n<p><!-- #post-## --><br \/>\n                 <!-- \/.col-md-4 --><\/p>\n<article id=\"post-216\">\n<figure>\n                            <a href=\"https:\/\/istingabon.org\/?p=216\"><br \/>\n                                <img loading=\"lazy\" width=\"852\" height=\"562\" src=\"https:\/\/istingabon.org\/wp-content\/uploads\/2022\/07\/Administrateur-systeme-reseau.png\" alt=\"\" decoding=\"async\" srcset=\"https:\/\/istingabon.org\/wp-content\/uploads\/2022\/07\/Administrateur-systeme-reseau.png 852w, https:\/\/istingabon.org\/wp-content\/uploads\/2022\/07\/Administrateur-systeme-reseau-300x198.png 300w, https:\/\/istingabon.org\/wp-content\/uploads\/2022\/07\/Administrateur-systeme-reseau-768x507.png 768w\" sizes=\"(max-width: 852px) 100vw, 852px\" \/>                            <\/a><br \/>\n                        <\/figure>\n<header>\n                                             <a href=\"\">DigitalEx<\/a><br \/>\n                                            <a href=\"https:\/\/istingabon.org\/?m=20220704\"><br \/>\n                                                Juil 4, 2022                                            <\/a>   <\/p>\n<h4>\n                                    <a href=\"https:\/\/istingabon.org\/?p=216\"><br \/>\n                                       Comment devenir administrateur syst\u00e8me et r\u00e9seaux \u00e0<br \/>\n                                    <\/a><br \/>\n                                <\/h4>\n<\/header>\n<p><!-- .entry-header --><\/p>\n<p>Qu&#8217;est-ce qu&#8217;un administrateur syst\u00e8me ? \u00c0 l&#8217;heure o\u00f9 de nombreuses entreprises adoptent les derni\u00e8res technologies,<\/p>\n<p>                            <!-- .entry-content --><\/p>\n<footer>\n                                        <a href=\"https:\/\/istingabon.org\/?p=216\">Lire Plus<\/a><br \/>\n                                <\/footer>\n<p>                        <!-- .blog details --><br \/>\n                    <\/article>\n<p><!-- #post-## --><br \/>\n                 <!-- \/.col-md-4 --><br \/>\n                    <!-- \/.row --><br \/>\n     <!-- \/.div --><\/p>\n","protected":false},"excerpt":{"rendered":"<p>Former des Techniciens sup\u00e9rieurs Licence &#038; Master professionnelles. Nous contacter ISTIN L&#8217;\u00e9cole des Leaders! Technologies Microsoft-CISCO-Oracle Nous contacter A propos [&hellip;]<\/p>\n","protected":false},"author":1,"featured_media":0,"parent":0,"menu_order":0,"comment_status":"closed","ping_status":"closed","template":"","meta":{"footnotes":""},"class_list":["post-29","page","type-page","status-publish","hentry"],"_links":{"self":[{"href":"https:\/\/istingabon.org\/index.php?rest_route=\/wp\/v2\/pages\/29","targetHints":{"allow":["GET"]}}],"collection":[{"href":"https:\/\/istingabon.org\/index.php?rest_route=\/wp\/v2\/pages"}],"about":[{"href":"https:\/\/istingabon.org\/index.php?rest_route=\/wp\/v2\/types\/page"}],"author":[{"embeddable":true,"href":"https:\/\/istingabon.org\/index.php?rest_route=\/wp\/v2\/users\/1"}],"replies":[{"embeddable":true,"href":"https:\/\/istingabon.org\/index.php?rest_route=%2Fwp%2Fv2%2Fcomments&post=29"}],"version-history":[{"count":265,"href":"https:\/\/istingabon.org\/index.php?rest_route=\/wp\/v2\/pages\/29\/revisions"}],"predecessor-version":[{"id":10633,"href":"https:\/\/istingabon.org\/index.php?rest_route=\/wp\/v2\/pages\/29\/revisions\/10633"}],"wp:attachment":[{"href":"https:\/\/istingabon.org\/index.php?rest_route=%2Fwp%2Fv2%2Fmedia&parent=29"}],"curies":[{"name":"wp","href":"https:\/\/api.w.org\/{rel}","templated":true}]}}